{"id":3576,"date":"2025-09-07T10:44:03","date_gmt":"2025-09-07T14:44:03","guid":{"rendered":"https:\/\/arboriculturedebeauce.com\/about-arboriculture-de-beauce\/"},"modified":"2026-03-25T08:28:12","modified_gmt":"2026-03-25T12:28:12","slug":"about-arboriculture-de-beauce","status":"publish","type":"page","link":"https:\/\/arboriculturedebeauce.com\/en\/about-arboriculture-de-beauce\/","title":{"rendered":"About Arboriculture de Beauce"},"content":{"rendered":"<p>[et_pb_section fb_built=&#8221;1&#8243; disabled_on=&#8221;off|off|off&#8221; _builder_version=&#8221;4.27.4&#8243; _module_preset=&#8221;default&#8221; background_color=&#8221;gcid-bb37b126-0ada-42b1-99ac-ccd3d9131ab4&#8243; positioning=&#8221;none&#8221; vertical_offset=&#8221;32px&#8221; z_index=&#8221;500&#8243; custom_margin=&#8221;0px||0px||false|false&#8221; custom_padding=&#8221;0px||3px||false|false&#8221; locked=&#8221;off&#8221; global_colors_info=&#8221;{%22gcid-bb37b126-0ada-42b1-99ac-ccd3d9131ab4%22:%91%22background_color%22,%22background_color%22%93}&#8221;][et_pb_row _builder_version=&#8221;4.27.4&#8243; _module_preset=&#8221;default&#8221; background_enable_color=&#8221;off&#8221; vertical_offset=&#8221;10px&#8221; custom_margin=&#8221;0px||0px||false|false&#8221; custom_padding=&#8221;0px||0px||false|false&#8221; global_colors_info=&#8221;{%22gcid-bb37b126-0ada-42b1-99ac-ccd3d9131ab4%22:%91%22background_color%22%93}&#8221;][et_pb_column type=&#8221;4_4&#8243; _builder_version=&#8221;4.27.4&#8243; _module_preset=&#8221;default&#8221; global_colors_info=&#8221;{}&#8221;][et_pb_text _builder_version=&#8221;4.27.4&#8243; _module_preset=&#8221;default&#8221; custom_margin=&#8221;||||false|false&#8221; custom_padding=&#8221;||||false|false&#8221; global_colors_info=&#8221;{}&#8221;]\t\t\t<!-- Flexy Breadcrumb -->\r\n\t\t\t<div class=\"fbc fbc-page\">\r\n\r\n\t\t\t\t<!-- Breadcrumb wrapper -->\r\n\t\t\t\t<div class=\"fbc-wrap\">\r\n\r\n\t\t\t\t\t<!-- Ordered list-->\r\n\t\t\t\t\t<ol class=\"fbc-items\" itemscope itemtype=\"https:\/\/schema.org\/BreadcrumbList\">\r\n\t\t\t\t\t\t            <li itemprop=\"itemListElement\" itemscope itemtype=\"https:\/\/schema.org\/ListItem\">\r\n                <span itemprop=\"name\">\r\n                    <!-- Home Link -->\r\n                    <a itemprop=\"item\" href=\"https:\/\/dev.arboriculturedebeauce.com\/en\">\r\n                    \r\n                        Home                    <\/a>\r\n                <\/span>\r\n                <meta itemprop=\"position\" content=\"1\" \/><!-- Meta Position-->\r\n             <\/li><li><span class=\"fbc-separator\">><\/span><\/li><li class=\"active\" itemprop=\"itemListElement\" itemscope itemtype=\"https:\/\/schema.org\/ListItem\"><span itemprop=\"name\" title=\"About Arboriculture de Beauce\">About Arboriculture<\/span><meta itemprop=\"position\" content=\"2\" \/><\/li>\t\t\t\t\t<\/ol>\r\n\t\t\t\t\t<div class=\"clearfix\"><\/div>\r\n\t\t\t\t<\/div>\r\n\t\t\t<\/div>\r\n\t\t\t[\/et_pb_text][\/et_pb_column][\/et_pb_row][\/et_pb_section][et_pb_section fb_built=&#8221;1&#8243; custom_padding_last_edited=&#8221;on|phone&#8221; admin_label=&#8221;Section-header&#8221; module_class=&#8221;degrade-fond&#8221; _builder_version=&#8221;4.27.4&#8243; _module_preset=&#8221;default&#8221; background_image=&#8221;https:\/\/arboriculturedebeauce.com\/wp-content\/uploads\/2025\/11\/Banniere-Apropos.jpg&#8221; vertical_offset=&#8221;-32px&#8221; height=&#8221;762px&#8221; height_tablet=&#8221;650px&#8221; height_phone=&#8221;&#8221; height_last_edited=&#8221;on|desktop&#8221; custom_margin=&#8221;||||false|false&#8221; custom_padding=&#8221;640px||3px||false|false&#8221; custom_padding_tablet=&#8221;500px||0px||false|false&#8221; custom_padding_phone=&#8221;220px||||false|false&#8221; background_last_edited=&#8221;on|phone&#8221; background_image_phone=&#8221;https:\/\/arboriculturedebeauce.com\/wp-content\/uploads\/2025\/11\/Banniere-Apropos.jpg&#8221; background_enable_image_phone=&#8221;on&#8221; background_size_phone=&#8221;cover&#8221; background_position_phone=&#8221;top_center&#8221; global_colors_info=&#8221;{}&#8221;][et_pb_row use_custom_gutter=&#8221;on&#8221; make_equal=&#8221;on&#8221; _builder_version=&#8221;4.27.4&#8243; _module_preset=&#8221;default&#8221; custom_padding=&#8221;35px||2px|||&#8221; global_colors_info=&#8221;{}&#8221;][et_pb_column type=&#8221;4_4&#8243; _builder_version=&#8221;4.27.4&#8243; _module_preset=&#8221;default&#8221; global_colors_info=&#8221;{}&#8221;][et_pb_text admin_label=&#8221;Titre&#8221; _builder_version=&#8221;4.27.4&#8243; _module_preset=&#8221;default&#8221; header_text_color=&#8221;gcid-85ad3b73-40a1-4456-be8c-728b67390c98&#8243; header_font_size=&#8221;48px&#8221; header_line_height=&#8221;1.2em&#8221; custom_margin=&#8221;||||false|false&#8221; custom_margin_tablet=&#8221;||||false|false&#8221; custom_margin_phone=&#8221;||30px||false|false&#8221; custom_margin_last_edited=&#8221;on|tablet&#8221; header_font_size_tablet=&#8221;60px&#8221; header_font_size_phone=&#8221;40px&#8221; header_font_size_last_edited=&#8221;on|phone&#8221; global_colors_info=&#8221;{%22gcid-85ad3b73-40a1-4456-be8c-728b67390c98%22:%91%22header_text_color%22,%22header_text_color%22,%22header_text_color%22,%22header_text_color%22,%22header_text_color%22,%22header_text_color%22%93}&#8221;]<\/p>\n<h1>About Arboriculture de Beauce<\/h1>\n<p>[\/et_pb_text][\/et_pb_column][\/et_pb_row][\/et_pb_section][et_pb_section fb_built=&#8221;1&#8243; _builder_version=&#8221;4.27.4&#8243; _module_preset=&#8221;default&#8221; background_color=&#8221;gcid-6f819ded-cb11-4f7e-8306-3e78cdab35dc&#8221; custom_margin=&#8221;-50px||||false|false&#8221; custom_padding=&#8221;10px||15px||false|false&#8221; global_colors_info=&#8221;{%22gcid-6f819ded-cb11-4f7e-8306-3e78cdab35dc%22:%91%22background_color%22,%22background_color%22%93}&#8221;][et_pb_row _builder_version=&#8221;4.27.4&#8243; _module_preset=&#8221;default&#8221; global_colors_info=&#8221;{}&#8221;][et_pb_column type=&#8221;4_4&#8243; _builder_version=&#8221;4.27.4&#8243; _module_preset=&#8221;default&#8221; global_colors_info=&#8221;{}&#8221;][et_pb_text admin_label=&#8221;Texte Intro&#8221; _builder_version=&#8221;4.27.4&#8243; _module_preset=&#8221;default&#8221; text_text_color=&#8221;gcid-85ad3b73-40a1-4456-be8c-728b67390c98&#8243; text_font_size=&#8221;15px&#8221; text_line_height=&#8221;1.5em&#8221; header_3_text_color=&#8221;#FFFFFF&#8221; header_3_font_size=&#8221;24px&#8221; header_3_line_height=&#8221;1.3em&#8221; custom_margin=&#8221;||||false|false&#8221; custom_margin_tablet=&#8221;0px||||false|true&#8221; custom_margin_phone=&#8221;0px||||false|true&#8221; custom_margin_last_edited=&#8221;on|phone&#8221; locked=&#8221;off&#8221; global_colors_info=&#8221;{%22gcid-85ad3b73-40a1-4456-be8c-728b67390c98%22:%91%22text_text_color%22%93}&#8221;]<\/p>\n<h3><strong>Firmly rooted throughout Qu\u00e9bec<br \/><\/strong><\/h3>\n<p>Established in Beauceville, Qu\u00e9bec, in 1987, is a proud Qu\u00e9bec family business that specializes in trimming, pruning, tree felling, grubbing and clearing. Boasting close to 40 years of experience in its field, our team constantly adapts to our clientele\u2019s changing needs to ensure the health, safety and beauty of our landscapes.  <\/p>\n<p>[\/et_pb_text][\/et_pb_column][\/et_pb_row][\/et_pb_section][et_pb_section fb_built=&#8221;1&#8243; _builder_version=&#8221;4.27.4&#8243; _module_preset=&#8221;default&#8221; background_color=&#8221;gcid-f768706a-0f3e-4d3e-b514-c12bfc58a18d&#8221; background_enable_image=&#8221;off&#8221; background_size=&#8221;custom&#8221; background_image_height=&#8221;10%&#8221; background_position=&#8221;bottom_center&#8221; background_repeat=&#8221;repeat-x&#8221; custom_margin=&#8221;||0px||false|false&#8221; custom_padding=&#8221;15px||25px||false|false&#8221; border_color_bottom=&#8221;#FFFFFF&#8221; global_colors_info=&#8221;{%22gcid-f768706a-0f3e-4d3e-b514-c12bfc58a18d%22:%91%22background_color%22%93}&#8221;][et_pb_row use_custom_gutter=&#8221;on&#8221; make_equal=&#8221;on&#8221; _builder_version=&#8221;4.27.4&#8243; _module_preset=&#8221;default&#8221; custom_padding=&#8221;||||false|false&#8221; global_colors_info=&#8221;{}&#8221;][et_pb_column type=&#8221;4_4&#8243; _builder_version=&#8221;4.27.4&#8243; _module_preset=&#8221;default&#8221; global_colors_info=&#8221;{}&#8221;][et_pb_text admin_label=&#8221;Titre section&#8221; _builder_version=&#8221;4.27.4&#8243; _module_preset=&#8221;default&#8221; header_text_color=&#8221;gcid-85ad3b73-40a1-4456-be8c-728b67390c98&#8243; header_font_size=&#8221;70px&#8221; header_line_height=&#8221;1.3em&#8221; header_2_text_color=&#8221;#FFFFFF&#8221; header_2_font_size=&#8221;48px&#8221; header_2_line_height=&#8221;1.2em&#8221; header_2_font_size_tablet=&#8221;48px&#8221; header_2_font_size_phone=&#8221;36px&#8221; header_2_font_size_last_edited=&#8221;on|phone&#8221; locked=&#8221;off&#8221; global_colors_info=&#8221;{%22gcid-85ad3b73-40a1-4456-be8c-728b67390c98%22:%91%22header_text_color%22,%22header_text_color%22,%22header_2_text_color%22%93}&#8221;]<\/p>\n<h2>An Expertise That Grows With You<\/h2>\n<p>[\/et_pb_text][et_pb_text admin_label=&#8221;Texte &#8221; _builder_version=&#8221;4.27.4&#8243; _module_preset=&#8221;default&#8221; text_text_color=&#8221;gcid-85ad3b73-40a1-4456-be8c-728b67390c98&#8243; text_font_size=&#8221;15px&#8221; text_line_height=&#8221;1.5em&#8221; custom_margin=&#8221;||||false|false&#8221; locked=&#8221;off&#8221; global_colors_info=&#8221;{%22gcid-85ad3b73-40a1-4456-be8c-728b67390c98%22:%91%22text_text_color%22%93}&#8221;]With over 400 passionate employees serving the 4 corners of Qu\u00e9bec, we have all the resources on hand to carry out projects of any size or nature, from the most accessible to the tightest spaces. Our fleet of close to 500 specialized units of equipment allows us to intervene efficiently, whatever the level of complexity of the work site.[\/et_pb_text][\/et_pb_column][\/et_pb_row][\/et_pb_section][et_pb_section fb_built=&#8221;1&#8243; admin_label=&#8221;Section Expertise&#8221; _builder_version=&#8221;4.27.4&#8243; _module_preset=&#8221;default&#8221; background_color=&#8221;#FFFFFF&#8221; background_enable_image=&#8221;off&#8221; background_size=&#8221;custom&#8221; background_image_height=&#8221;10%&#8221; background_position=&#8221;bottom_center&#8221; background_repeat=&#8221;repeat-x&#8221; custom_margin=&#8221;||0px||false|false&#8221; custom_padding=&#8221;||25px||false|false&#8221; border_color_bottom=&#8221;#FFFFFF&#8221; global_colors_info=&#8221;{}&#8221;][et_pb_row use_custom_gutter=&#8221;on&#8221; make_equal=&#8221;on&#8221; _builder_version=&#8221;4.27.4&#8243; _module_preset=&#8221;default&#8221; custom_padding=&#8221;2px|||||&#8221; locked=&#8221;off&#8221; global_colors_info=&#8221;{}&#8221;][et_pb_column type=&#8221;4_4&#8243; _builder_version=&#8221;4.27.4&#8243; _module_preset=&#8221;default&#8221; global_colors_info=&#8221;{}&#8221;][et_pb_text admin_label=&#8221;Titre section&#8221; _builder_version=&#8221;4.27.4&#8243; _module_preset=&#8221;default&#8221; header_text_color=&#8221;gcid-85ad3b73-40a1-4456-be8c-728b67390c98&#8243; header_font_size=&#8221;70px&#8221; header_line_height=&#8221;1.3em&#8221; header_2_text_color=&#8221;gcid-6f819ded-cb11-4f7e-8306-3e78cdab35dc&#8221; header_2_font_size=&#8221;48px&#8221; header_2_line_height=&#8221;1.2em&#8221; header_2_font_size_tablet=&#8221;48px&#8221; header_2_font_size_phone=&#8221;36px&#8221; header_2_font_size_last_edited=&#8221;on|phone&#8221; locked=&#8221;off&#8221; global_colors_info=&#8221;{%22gcid-85ad3b73-40a1-4456-be8c-728b67390c98%22:%91%22header_text_color%22,%22header_text_color%22%93,%22gcid-6f819ded-cb11-4f7e-8306-3e78cdab35dc%22:%91%22header_2_text_color%22,%22header_2_text_color%22%93}&#8221;]<\/p>\n<h2>Trust That Speaks Volumes<\/h2>\n<p>[\/et_pb_text][et_pb_text admin_label=&#8221;Texte &#8221; _builder_version=&#8221;4.27.4&#8243; _module_preset=&#8221;default&#8221; text_text_color=&#8221;gcid-6f819ded-cb11-4f7e-8306-3e78cdab35dc&#8221; text_font_size=&#8221;15px&#8221; text_line_height=&#8221;1.5em&#8221; custom_margin=&#8221;30px||||false|false&#8221; locked=&#8221;off&#8221; global_colors_info=&#8221;{%22gcid-6f819ded-cb11-4f7e-8306-3e78cdab35dc%22:%91%22text_text_color%22%93}&#8221;]Mandated by Hydro-Qu\u00e9bec and many other government entities, Arboriculture de Beauce is a partner you can trust for all works that are in proximity of medium and low voltage electrical grids, along with transmission line rights-of-way. This recognition is a testament to our rigor, our attention to safety and the quality of our interventions.[\/et_pb_text][\/et_pb_column][\/et_pb_row][\/et_pb_section][et_pb_section fb_built=&#8221;1&#8243; admin_label=&#8221;Section Expertise&#8221; _builder_version=&#8221;4.27.4&#8243; _module_preset=&#8221;default&#8221; background_color=&#8221;gcid-6f819ded-cb11-4f7e-8306-3e78cdab35dc&#8221; custom_margin=&#8221;||||false|false&#8221; custom_padding=&#8221;35px||19px||false|false&#8221; global_colors_info=&#8221;{%22gcid-6f819ded-cb11-4f7e-8306-3e78cdab35dc%22:%91%22background_color%22%93}&#8221;][et_pb_row use_custom_gutter=&#8221;on&#8221; make_equal=&#8221;on&#8221; _builder_version=&#8221;4.27.4&#8243; _module_preset=&#8221;default&#8221; custom_padding=&#8221;2px|||||&#8221; locked=&#8221;off&#8221; global_colors_info=&#8221;{}&#8221;][et_pb_column type=&#8221;4_4&#8243; _builder_version=&#8221;4.27.4&#8243; _module_preset=&#8221;default&#8221; custom_css_main_element=&#8221;align-self:center;&#8221; global_colors_info=&#8221;{}&#8221;][et_pb_text admin_label=&#8221;Titre section&#8221; _builder_version=&#8221;4.27.4&#8243; _module_preset=&#8221;default&#8221; header_text_color=&#8221;gcid-85ad3b73-40a1-4456-be8c-728b67390c98&#8243; header_font_size=&#8221;70px&#8221; header_line_height=&#8221;1.3em&#8221; header_2_text_color=&#8221;#FFFFFF&#8221; header_2_font_size=&#8221;48px&#8221; header_2_line_height=&#8221;1.2em&#8221; header_2_font_size_tablet=&#8221;48px&#8221; header_2_font_size_phone=&#8221;36px&#8221; header_2_font_size_last_edited=&#8221;on|phone&#8221; locked=&#8221;off&#8221; global_colors_info=&#8221;{%22gcid-85ad3b73-40a1-4456-be8c-728b67390c98%22:%91%22header_text_color%22,%22header_text_color%22,%22header_2_text_color%22,%22header_text_color%22,%22header_text_color%22%93}&#8221;]<\/p>\n<h2>Our History<\/h2>\n<p>[\/et_pb_text][et_pb_text admin_label=&#8221;Texte &#8221; _builder_version=&#8221;4.27.4&#8243; _module_preset=&#8221;default&#8221; text_text_color=&#8221;#FFFFFF&#8221; text_font_size=&#8221;15px&#8221; text_line_height=&#8221;1.5em&#8221; custom_margin=&#8221;30px||||false|false&#8221; locked=&#8221;off&#8221; global_colors_info=&#8221;{}&#8221;]<\/p>\n<p><strong>1987: The Vision Takes Root<\/strong><br \/>Taking root in 1987, Arboriculture de Beauce sprouted from the vision and determination of its founders. In its modest beginnings, the company had only two employees sharing a small office and less than ten out in the field. Thanks to the team\u2019s devotion and hard work, the company quickly grew larger.  <\/p>\n<p><strong>1988: The first offshoots of an expansion<\/strong><br \/>Starting in 1988, Arboriculture de Beauce\u2019s expansion spread to the Montr\u00e9al area. In the following years, expansion continued into the Laurentians region, spreading still to the rest of the province. Its motivation to always serve its clientele better and diversification of the target market have contributed greatly to its sustained expansion.  <\/p>\n<p>In 1992, in light of its continued growth, the company moved to new offices, for a work environment more attuned to its ever-growing team.<\/p>\n<p><strong>1999-2022: Growth nourished by five new branches <\/strong><br \/>Between 1999 and 2022, Arboriculture de Beauce reached considerably important new stages in its development by acquiring five companies throughout the province, thus widening its operational capacities.<\/p>\n<p><strong>2025: Deeply rooted in excellence for close to 40 years now<\/strong><br \/>Today, Arboriculture de Beauce\u2019s office team has 15 employees along with over 400 crew members out in the field. The entire team continues to offer quality professional services with the same rigor and consistency as in their early years. <\/p>\n<p>[\/et_pb_text][\/et_pb_column][\/et_pb_row][\/et_pb_section][et_pb_section fb_built=&#8221;1&#8243; _builder_version=&#8221;4.27.4&#8243; _module_preset=&#8221;default&#8221; custom_padding=&#8221;35px||12px|||&#8221; global_module=&#8221;1994&#8243; saved_tabs=&#8221;all&#8221; global_colors_info=&#8221;{}&#8221;][et_pb_row _builder_version=&#8221;4.27.4&#8243; _module_preset=&#8221;default&#8221; custom_padding=&#8221;||17px|||&#8221; global_colors_info=&#8221;{}&#8221;][et_pb_column type=&#8221;4_4&#8243; _builder_version=&#8221;4.27.4&#8243; _module_preset=&#8221;default&#8221; global_colors_info=&#8221;{}&#8221;][et_pb_button button_url=&#8221;@ET-DC@eyJkeW5hbWljIjp0cnVlLCJjb250ZW50IjoicG9zdF9saW5rX3VybF9wYWdlIiwic2V0dGluZ3MiOnsicG9zdF9pZCI6IjI0MjkiLCJlbmFibGVfaHRtbCI6Im9mZiJ9fQ==@&#8221; button_text=&#8221;Contact us&#8221; button_alignment=&#8221;center&#8221; button_text_tablet=&#8221;Contact us&#8221; button_text_phone=&#8221;Contact us&#8221; button_text_last_edited=&#8221;off|desktop&#8221; _builder_version=&#8221;4.27.4&#8243; _dynamic_attributes=&#8221;button_url&#8221; _module_preset=&#8221;default&#8221; custom_button=&#8221;on&#8221; button_text_size=&#8221;14px&#8221; button_text_color=&#8221;gcid-85ad3b73-40a1-4456-be8c-728b67390c98&#8243; button_bg_color=&#8221;gcid-f768706a-0f3e-4d3e-b514-c12bfc58a18d&#8221; button_border_width=&#8221;0px&#8221; button_border_radius=&#8221;31px&#8221; button_font=&#8221;&#8211;et_global_body_font|||on|||||&#8221; button_use_icon=&#8221;off&#8221; custom_margin=&#8221;-6px||||false|false&#8221; custom_padding=&#8221;10px|40px|10px|40px|true|true&#8221; locked=&#8221;off&#8221; global_colors_info=&#8221;{%22gcid-85ad3b73-40a1-4456-be8c-728b67390c98%22:%91%22button_text_color%22%93,%22gcid-f768706a-0f3e-4d3e-b514-c12bfc58a18d%22:%91%22button_bg_color%22%93,%22gcid-8a4fa48e-1d81-4c00-972b-035e609de58b%22:%91%22button_bg_color__hover%22%93}&#8221; button_text_color__hover_enabled=&#8221;on|desktop&#8221; button_bg_color__hover_enabled=&#8221;on|hover&#8221; button_bg_color__hover=&#8221;#1c6c1c&#8221; button_bg_enable_color__hover=&#8221;on&#8221; button_text_color__hover=&#8221;#ffffff&#8221;][\/et_pb_button][et_pb_button button_url=&#8221;@ET-DC@eyJkeW5hbWljIjp0cnVlLCJjb250ZW50IjoicG9zdF9saW5rX3VybF9wYWdlIiwic2V0dGluZ3MiOnsicG9zdF9pZCI6IjI0MTIiLCJlbmFibGVfaHRtbCI6Im9mZiJ9fQ==@&#8221; button_text=&#8221;Get a quote&#8221; button_alignment=&#8221;center&#8221; _builder_version=&#8221;4.27.4&#8243; _dynamic_attributes=&#8221;button_url&#8221; _module_preset=&#8221;default&#8221; custom_button=&#8221;on&#8221; button_text_size=&#8221;14px&#8221; button_text_color=&#8221;gcid-85ad3b73-40a1-4456-be8c-728b67390c98&#8243; button_bg_color=&#8221;gcid-f768706a-0f3e-4d3e-b514-c12bfc58a18d&#8221; button_border_width=&#8221;0px&#8221; button_border_radius=&#8221;31px&#8221; button_font=&#8221;&#8211;et_global_body_font|||on|||||&#8221; button_use_icon=&#8221;off&#8221; custom_margin=&#8221;-6px||||false|false&#8221; custom_padding=&#8221;10px|40px|10px|40px|true|true&#8221; global_colors_info=&#8221;{%22gcid-85ad3b73-40a1-4456-be8c-728b67390c98%22:%91%22button_text_color%22%93,%22gcid-f768706a-0f3e-4d3e-b514-c12bfc58a18d%22:%91%22button_bg_color%22%93,%22gcid-8a4fa48e-1d81-4c00-972b-035e609de58b%22:%91%22button_bg_color__hover%22%93}&#8221; button_text_color__hover=&#8221;#ffffff&#8221; button_text_color__hover_enabled=&#8221;on|desktop&#8221; button_bg_color__hover=&#8221;#1c6c1c&#8221; button_bg_color__hover_enabled=&#8221;on|hover&#8221;][\/et_pb_button][\/et_pb_column][\/et_pb_row][\/et_pb_section][et_pb_section fb_built=&#8221;1&#8243; custom_padding_last_edited=&#8221;off|desktop&#8221; admin_label=&#8221;Section-soumission&#8221; module_id=&#8221;Section-soumission&#8221; _builder_version=&#8221;4.27.4&#8243; _module_preset=&#8221;default&#8221; background_color=&#8221;gcid-6f819ded-cb11-4f7e-8306-3e78cdab35dc&#8221; background_enable_image=&#8221;off&#8221; height=&#8221;100px&#8221; custom_margin=&#8221;30px||||false|false&#8221; custom_margin_tablet=&#8221;65px||||false|false&#8221; custom_margin_phone=&#8221;65px||||false|false&#8221; custom_margin_last_edited=&#8221;on|phone&#8221; custom_padding=&#8221;||||false|false&#8221; custom_padding_tablet=&#8221;82px|||||&#8221; custom_padding_phone=&#8221;40px||||false|false&#8221; global_module=&#8221;1955&#8243; locked=&#8221;off&#8221; global_colors_info=&#8221;{%22gcid-6f819ded-cb11-4f7e-8306-3e78cdab35dc%22:%91%22background_color%22%93}&#8221;][\/et_pb_section]<\/p>\n","protected":false},"excerpt":{"rendered":"<p>\t\t\t<!-- Flexy Breadcrumb -->\r\n\t\t\t<div class=\"fbc fbc-page\">\r\n\r\n\t\t\t\t<!-- Breadcrumb wrapper -->\r\n\t\t\t\t<div class=\"fbc-wrap\">\r\n\r\n\t\t\t\t\t<!-- Ordered list-->\r\n\t\t\t\t\t<ol class=\"fbc-items\" itemscope itemtype=\"https:\/\/schema.org\/BreadcrumbList\">\r\n\t\t\t\t\t\t            <li itemprop=\"itemListElement\" itemscope itemtype=\"https:\/\/schema.org\/ListItem\">\r\n                <span itemprop=\"name\">\r\n                    <!-- Home Link -->\r\n                    <a itemprop=\"item\" href=\"https:\/\/dev.arboriculturedebeauce.com\/en\">\r\n                    \r\n                        Home                    <\/a>\r\n                <\/span>\r\n                <meta itemprop=\"position\" content=\"1\" \/><!-- Meta Position-->\r\n             <\/li><li><span class=\"fbc-separator\">><\/span><\/li><li class=\"active\" itemprop=\"itemListElement\" itemscope itemtype=\"https:\/\/schema.org\/ListItem\"><span itemprop=\"name\" title=\"About Arboriculture de Beauce\">About Arboriculture<\/span><meta itemprop=\"position\" content=\"2\" \/><\/li>\t\t\t\t\t<\/ol>\r\n\t\t\t\t\t<div class=\"clearfix\"><\/div>\r\n\t\t\t\t<\/div>\r\n\t\t\t<\/div>\r\n\t\t\tAbout Arboriculture de BeauceFirmly rooted throughout Qu\u00e9bec Established in Beauceville, Qu\u00e9bec, in 1987, is a proud Qu\u00e9bec family business that specializes in trimming, pruning, tree felling, grubbing and clearing. Boasting close to 40 years of experience in its field, our team constantly adapts to our clientele\u2019s changing needs to ensure the health, safety and beauty [&hellip;]<\/p>\n","protected":false},"author":1,"featured_media":0,"parent":0,"menu_order":0,"comment_status":"closed","ping_status":"closed","template":"","meta":{"_et_pb_use_builder":"on","_et_pb_old_content":"","_et_gb_content_width":"","footnotes":""},"class_list":["post-3576","page","type-page","status-publish","hentry"],"_links":{"self":[{"href":"https:\/\/arboriculturedebeauce.com\/en\/wp-json\/wp\/v2\/pages\/3576","targetHints":{"allow":["GET"]}}],"collection":[{"href":"https:\/\/arboriculturedebeauce.com\/en\/wp-json\/wp\/v2\/pages"}],"about":[{"href":"https:\/\/arboriculturedebeauce.com\/en\/wp-json\/wp\/v2\/types\/page"}],"author":[{"embeddable":true,"href":"https:\/\/arboriculturedebeauce.com\/en\/wp-json\/wp\/v2\/users\/1"}],"replies":[{"embeddable":true,"href":"https:\/\/arboriculturedebeauce.com\/en\/wp-json\/wp\/v2\/comments?post=3576"}],"version-history":[{"count":7,"href":"https:\/\/arboriculturedebeauce.com\/en\/wp-json\/wp\/v2\/pages\/3576\/revisions"}],"predecessor-version":[{"id":4054,"href":"https:\/\/arboriculturedebeauce.com\/en\/wp-json\/wp\/v2\/pages\/3576\/revisions\/4054"}],"wp:attachment":[{"href":"https:\/\/arboriculturedebeauce.com\/en\/wp-json\/wp\/v2\/media?parent=3576"}],"curies":[{"name":"wp","href":"https:\/\/api.w.org\/{rel}","templated":true}]}}